{"id":13,"date":"2023-01-20T11:37:19","date_gmt":"2023-01-20T11:37:19","guid":{"rendered":"http:\/\/localhost:8888\/wordpress\/?page_id=13"},"modified":"2025-09-13T22:21:55","modified_gmt":"2025-09-13T22:21:55","slug":"servicos","status":"publish","type":"page","link":"https:\/\/www.batucavet.pt\/?page_id=13","title":{"rendered":"Servi\u00e7os"},"content":{"rendered":"\t\t<div data-elementor-type=\"wp-page\" data-elementor-id=\"13\" class=\"elementor elementor-13\">\n\t\t\t\t\t\t<section class=\"elementor-section elementor-top-section elementor-element elementor-element-e69903f elementor-section-boxed elementor-section-height-default elementor-section-height-default\" data-id=\"e69903f\" data-element_type=\"section\" data-e-type=\"section\">\n\t\t\t\t\t\t<div class=\"elementor-container elementor-column-gap-default\">\n\t\t\t\t\t<div class=\"elementor-column elementor-col-100 elementor-top-column elementor-element elementor-element-3a05841\" data-id=\"3a05841\" data-element_type=\"column\" data-e-type=\"column\">\n\t\t\t<div class=\"elementor-widget-wrap\">\n\t\t\t\t\t\t\t<\/div>\n\t\t<\/div>\n\t\t\t\t\t<\/div>\n\t\t<\/section>\n\t\t\t\t<section class=\"elementor-section elementor-top-section elementor-element elementor-element-bad3447 elementor-section-boxed elementor-section-height-default elementor-section-height-default\" data-id=\"bad3447\" data-element_type=\"section\" data-e-type=\"section\">\n\t\t\t\t\t\t<div class=\"elementor-container elementor-column-gap-default\">\n\t\t\t\t\t<div class=\"elementor-column elementor-col-100 elementor-top-column elementor-element elementor-element-2e2c42c\" data-id=\"2e2c42c\" data-element_type=\"column\" data-e-type=\"column\">\n\t\t\t<div class=\"elementor-widget-wrap elementor-element-populated\">\n\t\t\t\t\t\t<div class=\"elementor-element elementor-element-d545fd8 elementor-widget elementor-widget-spacer\" data-id=\"d545fd8\" data-element_type=\"widget\" data-e-type=\"widget\" data-widget_type=\"spacer.default\">\n\t\t\t\t<div class=\"elementor-widget-container\">\n\t\t\t\t\t\t\t<div class=\"elementor-spacer\">\n\t\t\t<div class=\"elementor-spacer-inner\"><\/div>\n\t\t<\/div>\n\t\t\t\t\t\t<\/div>\n\t\t\t\t<\/div>\n\t\t\t\t<div class=\"elementor-element elementor-element-311828d elementor-widget elementor-widget-heading\" data-id=\"311828d\" data-element_type=\"widget\" data-e-type=\"widget\" data-widget_type=\"heading.default\">\n\t\t\t\t<div class=\"elementor-widget-container\">\n\t\t\t\t\t<h2 class=\"elementor-heading-title elementor-size-default\">Servi\u00e7os<\/h2>\t\t\t\t<\/div>\n\t\t\t\t<\/div>\n\t\t\t\t<div class=\"elementor-element elementor-element-5c22992 elementor-widget elementor-widget-spacer\" data-id=\"5c22992\" data-element_type=\"widget\" data-e-type=\"widget\" data-widget_type=\"spacer.default\">\n\t\t\t\t<div class=\"elementor-widget-container\">\n\t\t\t\t\t\t\t<div class=\"elementor-spacer\">\n\t\t\t<div class=\"elementor-spacer-inner\"><\/div>\n\t\t<\/div>\n\t\t\t\t\t\t<\/div>\n\t\t\t\t<\/div>\n\t\t\t\t\t<\/div>\n\t\t<\/div>\n\t\t\t\t\t<\/div>\n\t\t<\/section>\n\t\t\t\t<section class=\"elementor-section elementor-top-section elementor-element elementor-element-bdf1f60 elementor-section-boxed elementor-section-height-default elementor-section-height-default\" data-id=\"bdf1f60\" data-element_type=\"section\" data-e-type=\"section\">\n\t\t\t\t\t\t<div class=\"elementor-container elementor-column-gap-default\">\n\t\t\t\t\t<div class=\"elementor-column elementor-col-66 elementor-top-column elementor-element elementor-element-36b8917\" data-id=\"36b8917\" data-element_type=\"column\" data-e-type=\"column\">\n\t\t\t<div class=\"elementor-widget-wrap elementor-element-populated\">\n\t\t\t\t\t\t<div class=\"elementor-element elementor-element-1c122da elementor-widget elementor-widget-text-editor\" data-id=\"1c122da\" data-element_type=\"widget\" data-e-type=\"widget\" data-widget_type=\"text-editor.default\">\n\t\t\t\t<div class=\"elementor-widget-container\">\n\t\t\t\t\t\t\t\t\t<p><strong>Consultas<\/strong><\/p><ul><li style=\"list-style-type: none;\"><ul><li>Consulta Geral<\/li><li>Consulta de Dermatologia<\/li><li>Consulta de Oftalmologia<\/li><li>Consulta de Ortopedia<\/li><li>Consulta de Oncologia<\/li><li>Consulta de Cardiologia<\/li><li>Consulta de Ex\u00f3ticos<\/li><li>Consulta ao Domic\u00edlio<\/li><\/ul><\/li><\/ul><p><strong>Medicina Preventiva<\/strong><\/p><ul><li style=\"list-style-type: none;\"><ul><li>Vacinas<\/li><li>Desparasita\u00e7\u00f5es Internas e Externas<\/li><\/ul><\/li><\/ul><p><strong>Cirurgias<\/strong><\/p><ul><li style=\"list-style-type: none;\"><ul><li>Cirurgia Geral<\/li><li>Cirurgia Ortop\u00e9dica<\/li><li>Cirurgia Laparosc\u00f3pica<\/li><\/ul><\/li><\/ul><p><strong>Ozonoterapia<\/strong><\/p><p><strong>Crioterapia\u00a0<\/strong><\/p><p><strong>Recobro<\/strong><\/p><p><strong>Imagiologia<\/strong><\/p><ul><li style=\"list-style-type: none;\"><ul><li>Ecografia<\/li><li>Ecografia Ambulat\u00f3ria<\/li><li>Ecocardiografia<\/li><li>Raio-X<\/li><li>Raio-X Intraoral<\/li><li>Endoscopia<\/li><li>Rinoscopia<\/li><li>TAC<\/li><\/ul><\/li><\/ul><p><strong>Laborat\u00f3rio<\/strong><\/p><ul><li style=\"list-style-type: none;\"><ul><li>An\u00e1lises Sangu\u00edneas<\/li><li>An\u00e1lises de Urina<\/li><li>An\u00e1lises de Fezes<\/li><li>Citologia<\/li><\/ul><\/li><\/ul><p><strong>Banhos e Tosquia<\/strong><\/p><ul><li style=\"list-style-type: none;\"><ul><li>Banhos Ozonizados<\/li><\/ul><\/li><\/ul><p><strong>Alimenta\u00e7\u00e3o<\/strong><\/p><p><strong>Acess\u00f3rios<\/strong><\/p>\t\t\t\t\t\t\t\t<\/div>\n\t\t\t\t<\/div>\n\t\t\t\t\t<\/div>\n\t\t<\/div>\n\t\t\t\t<div class=\"elementor-column elementor-col-33 elementor-top-column elementor-element elementor-element-d4e52fe\" data-id=\"d4e52fe\" data-element_type=\"column\" data-e-type=\"column\">\n\t\t\t<div class=\"elementor-widget-wrap elementor-element-populated\">\n\t\t\t\t\t\t<div class=\"elementor-element elementor-element-bf267c0 elementor-widget elementor-widget-image\" data-id=\"bf267c0\" data-element_type=\"widget\" data-e-type=\"widget\" data-widget_type=\"image.default\">\n\t\t\t\t<div class=\"elementor-widget-container\">\n\t\t\t\t\t\t\t\t\t\t\t\t\t\t\t<img fetchpriority=\"high\" decoding=\"async\" width=\"750\" height=\"750\" src=\"https:\/\/www.batucavet.pt\/wp-content\/uploads\/2023\/03\/cadela--1024x1024.jpeg\" class=\"attachment-large size-large wp-image-147\" alt=\"cadela\" srcset=\"https:\/\/www.batucavet.pt\/wp-content\/uploads\/2023\/03\/cadela--1024x1024.jpeg 1024w, https:\/\/www.batucavet.pt\/wp-content\/uploads\/2023\/03\/cadela--300x300.jpeg 300w, https:\/\/www.batucavet.pt\/wp-content\/uploads\/2023\/03\/cadela--150x150.jpeg 150w, https:\/\/www.batucavet.pt\/wp-content\/uploads\/2023\/03\/cadela--768x768.jpeg 768w, https:\/\/www.batucavet.pt\/wp-content\/uploads\/2023\/03\/cadela-.jpeg 1440w\" sizes=\"(max-width: 750px) 100vw, 750px\" \/>\t\t\t\t\t\t\t\t\t\t\t\t\t\t\t<\/div>\n\t\t\t\t<\/div>\n\t\t\t\t\t<\/div>\n\t\t<\/div>\n\t\t\t\t\t<\/div>\n\t\t<\/section>\n\t\t\t\t<section class=\"elementor-section elementor-top-section elementor-element elementor-element-c5c115c elementor-section-boxed elementor-section-height-default elementor-section-height-default\" data-id=\"c5c115c\" data-element_type=\"section\" data-e-type=\"section\">\n\t\t\t\t\t\t<div class=\"elementor-container elementor-column-gap-default\">\n\t\t\t\t\t<div class=\"elementor-column elementor-col-100 elementor-top-column elementor-element elementor-element-765393d\" data-id=\"765393d\" data-element_type=\"column\" data-e-type=\"column\">\n\t\t\t<div class=\"elementor-widget-wrap elementor-element-populated\">\n\t\t\t\t\t\t<div class=\"elementor-element elementor-element-1552b3e elementor-widget elementor-widget-spacer\" data-id=\"1552b3e\" data-element_type=\"widget\" data-e-type=\"widget\" data-widget_type=\"spacer.default\">\n\t\t\t\t<div class=\"elementor-widget-container\">\n\t\t\t\t\t\t\t<div class=\"elementor-spacer\">\n\t\t\t<div class=\"elementor-spacer-inner\"><\/div>\n\t\t<\/div>\n\t\t\t\t\t\t<\/div>\n\t\t\t\t<\/div>\n\t\t\t\t\t<\/div>\n\t\t<\/div>\n\t\t\t\t\t<\/div>\n\t\t<\/section>\n\t\t\t\t<\/div>\n\t\t","protected":false},"excerpt":{"rendered":"<p>Servi\u00e7os Consultas Consulta Geral Consulta de Dermatologia Consulta de Oftalmologia Consulta de Ortopedia Consulta de Oncologia Consulta de Cardiologia Consulta de Ex\u00f3ticos Consulta ao Domic\u00edlio Medicina Preventiva Vacinas Desparasita\u00e7\u00f5es Internas e Externas Cirurgias Cirurgia Geral Cirurgia Ortop\u00e9dica Cirurgia Laparosc\u00f3pica Ozonoterapia Crioterapia\u00a0 Recobro Imagiologia Ecografia Ecografia Ambulat\u00f3ria Ecocardiografia Raio-X Raio-X Intraoral [&hellip;]<\/p>\n","protected":false},"author":1,"featured_media":0,"parent":0,"menu_order":0,"comment_status":"closed","ping_status":"closed","template":"page-templates\/template-pagebuilder-full-width.php","meta":{"footnotes":""},"class_list":["post-13","page","type-page","status-publish","hentry"],"_links":{"self":[{"href":"https:\/\/www.batucavet.pt\/index.php?rest_route=\/wp\/v2\/pages\/13","targetHints":{"allow":["GET"]}}],"collection":[{"href":"https:\/\/www.batucavet.pt\/index.php?rest_route=\/wp\/v2\/pages"}],"about":[{"href":"https:\/\/www.batucavet.pt\/index.php?rest_route=\/wp\/v2\/types\/page"}],"author":[{"embeddable":true,"href":"https:\/\/www.batucavet.pt\/index.php?rest_route=\/wp\/v2\/users\/1"}],"replies":[{"embeddable":true,"href":"https:\/\/www.batucavet.pt\/index.php?rest_route=%2Fwp%2Fv2%2Fcomments&post=13"}],"version-history":[{"count":31,"href":"https:\/\/www.batucavet.pt\/index.php?rest_route=\/wp\/v2\/pages\/13\/revisions"}],"predecessor-version":[{"id":330,"href":"https:\/\/www.batucavet.pt\/index.php?rest_route=\/wp\/v2\/pages\/13\/revisions\/330"}],"wp:attachment":[{"href":"https:\/\/www.batucavet.pt\/index.php?rest_route=%2Fwp%2Fv2%2Fmedia&parent=13"}],"curies":[{"name":"wp","href":"https:\/\/api.w.org\/{rel}","templated":true}]}}